{"id":1393,"date":"2024-08-05T21:59:44","date_gmt":"2024-08-05T21:59:44","guid":{"rendered":"https:\/\/oysha.qodeinteractive.com\/?page_id=1393"},"modified":"2025-12-11T17:08:47","modified_gmt":"2025-12-11T16:08:47","slug":"our-team","status":"publish","type":"page","link":"https:\/\/bubbleconnection.be\/index.php\/our-team\/","title":{"rendered":"Qui suis-je ?"},"content":{"rendered":"\t\t<div data-elementor-type=\"wp-page\" data-elementor-id=\"1393\" class=\"elementor elementor-1393\">\n\t\t\t\t<div class=\"elementor-element elementor-element-8222634 e-flex e-con-boxed e-con e-parent\" data-id=\"8222634\" data-element_type=\"container\">\n\t\t\t\t\t<div class=\"e-con-inner\">\n\t\t<div class=\"elementor-element elementor-element-b433fc4 e-con-full e-flex e-con e-child\" data-id=\"b433fc4\" data-element_type=\"container\">\n\t\t\t\t<div class=\"elementor-element elementor-element-cc20405 elementor-widget elementor-widget-image\" data-id=\"cc20405\" data-element_type=\"widget\" data-widget_type=\"image.default\">\n\t\t\t\t<div class=\"elementor-widget-container\">\n\t\t\t\t\t\t\t\t\t\t\t\t\t\t\t<img fetchpriority=\"high\" decoding=\"async\" width=\"768\" height=\"1024\" src=\"https:\/\/bubbleconnection.be\/wp-content\/uploads\/2025\/12\/IMG_8265-scaled.jpg\" class=\"attachment-large size-large wp-image-4370\" alt=\"\" srcset=\"https:\/\/bubbleconnection.be\/wp-content\/uploads\/2025\/12\/IMG_8265-scaled.jpg 1920w, https:\/\/bubbleconnection.be\/wp-content\/uploads\/2025\/12\/IMG_8265-225x300.jpg 225w\" sizes=\"(max-width: 768px) 100vw, 768px\" \/>\t\t\t\t\t\t\t\t\t\t\t\t\t\t\t<\/div>\n\t\t\t\t<\/div>\n\t\t\t\t<\/div>\n\t\t<div class=\"elementor-element elementor-element-ca33edf e-con-full e-flex e-con e-child\" data-id=\"ca33edf\" data-element_type=\"container\">\n\t\t\t\t<div class=\"elementor-element elementor-element-ab8232b elementor-widget elementor-widget-text-editor\" data-id=\"ab8232b\" data-element_type=\"widget\" data-widget_type=\"text-editor.default\">\n\t\t\t\t<div class=\"elementor-widget-container\">\n\t\t\t\t\t\t\t\t\t<p data-start=\"222\" data-end=\"545\">Je m&rsquo;appelle \u00c9meline, j\u2019ai 36 ans.<br data-start=\"256\" data-end=\"259\" \/>N\u00e9e au Br\u00e9sil, adopt\u00e9e tr\u00e8s jeune, j\u2019ai grandi entre deux mondes, port\u00e9e par des vagues parfois douces, parfois violentes.<\/p><p data-start=\"222\" data-end=\"545\">Tr\u00e8s t\u00f4t, la vie m\u2019a confront\u00e9e \u00e0 la douleur, \u00e0 l\u2019abus, \u00e0 la d\u00e9pendance, \u00e0 la violence. Un quotidien o\u00f9 l\u2019on oublie qui l\u2019on est, o\u00f9 l\u2019on survit plus qu\u2019on ne vit.<\/p><p data-start=\"547\" data-end=\"740\">Et puis, un jour, j\u2019ai atteint un point de rupture.<br data-start=\"589\" data-end=\"592\" \/>Continuer ainsi, c\u2019\u00e9tait m\u2019\u00e9teindre. La seule autre option, c\u2019\u00e9tait changer.<br data-start=\"668\" data-end=\"671\" \/>Alors, j\u2019ai commenc\u00e9 \u00e0 chercher. \u00c0 exp\u00e9rimenter. \u00c0 me reconstruire.<\/p><p data-start=\"742\" data-end=\"1014\">Je me suis tourn\u00e9e vers les soins \u00e9nerg\u00e9tiques, les stages de d\u00e9veloppement personnel, les cercles de transformation, sans trop savoir ce que j\u2019y trouverais. Mais \u00e0 chaque pas, je sentais que quelque chose en moi se remettait \u00e0 respirer. Que la vie, doucement, revenait.<\/p><p data-start=\"1016\" data-end=\"1233\">J\u2019ai rencontr\u00e9 le Reiki, la danse intuitive, l\u2019\u00e9nergie de la Kundalini, les pierres et leurs vibrations subtiles. Et ces outils ont fait rena\u00eetre en moi une v\u00e9rit\u00e9 que j\u2019avais oubli\u00e9e : celle de ma propre puissance.<\/p><p data-start=\"1235\" data-end=\"1469\">\u00c0 33 ans, j\u2019ai d\u00e9cid\u00e9 de me former \u00e0 mon tour.<br data-start=\"1281\" data-end=\"1284\" \/>Pas pour fuir mon pass\u00e9, mais pour le transmuter. Pour en faire une force. Pour pouvoir accompagner celles et ceux qui, comme moi, se sont un jour sentis perdus, d\u00e9connect\u00e9s, \u00e9teints.<\/p><p data-start=\"1471\" data-end=\"1718\">Aujourd\u2019hui, j\u2019offre un espace d\u2019\u00e9coute, de transformation et de reconnexion. J\u2019accompagne avec douceur, profondeur et sinc\u00e9rit\u00e9 les personnes qui souhaitent retrouver du sens, r\u00e9veiller leur joie int\u00e9rieure et marcher \u00e0 nouveau vers la lumi\u00e8re.<\/p>\t\t\t\t\t\t\t\t<\/div>\n\t\t\t\t<\/div>\n\t\t\t\t<\/div>\n\t\t\t\t\t<\/div>\n\t\t\t\t<\/div>\n\t\t<div class=\"elementor-element elementor-element-ead93d8 e-flex e-con-boxed e-con e-parent\" data-id=\"ead93d8\" data-element_type=\"container\">\n\t\t\t\t\t<div class=\"e-con-inner\">\n\t\t\t\t<div class=\"elementor-element elementor-element-84d3573 elementor-widget elementor-widget-text-editor\" data-id=\"84d3573\" data-element_type=\"widget\" data-widget_type=\"text-editor.default\">\n\t\t\t\t<div class=\"elementor-widget-container\">\n\t\t\t\t\t\t\t\t\t<p data-start=\"1720\" data-end=\"1997\">Mon approche est sensible, intuitive, ancr\u00e9e et vibrante. C\u2019est un chemin de retour \u00e0 soi, de lib\u00e9ration, de mouvement et de v\u00e9rit\u00e9. Car je crois profond\u00e9ment qu\u2019au-del\u00e0 des blessures, il existe en chacun.ne une source intacte, un espace de clart\u00e9, de paix, et de puissance. C\u2019est \u00e0 cet endroit-l\u00e0 que je t\u2019invite \u00e0 venir.<\/p>\t\t\t\t\t\t\t\t<\/div>\n\t\t\t\t<\/div>\n\t\t\t\t\t<\/div>\n\t\t\t\t<\/div>\n\t\t\t\t<\/div>\n\t\t","protected":false},"excerpt":{"rendered":"<p>Je m&rsquo;appelle \u00c9meline, j\u2019ai 36 ans.N\u00e9e au Br\u00e9sil, adopt\u00e9e tr\u00e8s jeune, j\u2019ai grandi entre deux mondes, port\u00e9e par des vagues parfois douces, parfois violentes. Tr\u00e8s t\u00f4t, la vie m\u2019a confront\u00e9e \u00e0 la douleur, \u00e0 l\u2019abus, \u00e0 la d\u00e9pendance, \u00e0 la violence. Un quotidien o\u00f9 l\u2019on oublie qui l\u2019on est, o\u00f9 l\u2019on survit plus qu\u2019on ne [&hellip;]<\/p>\n","protected":false},"author":2,"featured_media":0,"parent":0,"menu_order":2,"comment_status":"closed","ping_status":"closed","template":"page-full-width.php","meta":{"footnotes":""},"class_list":["post-1393","page","type-page","status-publish","hentry"],"_links":{"self":[{"href":"https:\/\/bubbleconnection.be\/index.php\/wp-json\/wp\/v2\/pages\/1393","targetHints":{"allow":["GET"]}}],"collection":[{"href":"https:\/\/bubbleconnection.be\/index.php\/wp-json\/wp\/v2\/pages"}],"about":[{"href":"https:\/\/bubbleconnection.be\/index.php\/wp-json\/wp\/v2\/types\/page"}],"author":[{"embeddable":true,"href":"https:\/\/bubbleconnection.be\/index.php\/wp-json\/wp\/v2\/users\/2"}],"replies":[{"embeddable":true,"href":"https:\/\/bubbleconnection.be\/index.php\/wp-json\/wp\/v2\/comments?post=1393"}],"version-history":[{"count":97,"href":"https:\/\/bubbleconnection.be\/index.php\/wp-json\/wp\/v2\/pages\/1393\/revisions"}],"predecessor-version":[{"id":4378,"href":"https:\/\/bubbleconnection.be\/index.php\/wp-json\/wp\/v2\/pages\/1393\/revisions\/4378"}],"wp:attachment":[{"href":"https:\/\/bubbleconnection.be\/index.php\/wp-json\/wp\/v2\/media?parent=1393"}],"curies":[{"name":"wp","href":"https:\/\/api.w.org\/{rel}","templated":true}]}}